{"id":8402,"date":"2016-10-19T09:28:29","date_gmt":"2016-10-19T09:28:29","guid":{"rendered":"http:\/\/kendall.elated-themes.com\/?page_id=8402"},"modified":"2021-02-23T08:52:55","modified_gmt":"2021-02-23T08:52:55","slug":"our-services","status":"publish","type":"page","link":"http:\/\/www.evelienschoonheidssalon.nl\/index.php\/our-services\/","title":{"rendered":"Producten"},"content":{"rendered":"<p>[vc_row center_bck_image=&#8221;no&#8221;][vc_column][vc_empty_space][\/vc_column][\/vc_row][vc_row content_width=&#8221;grid&#8221; center_bck_image=&#8221;no&#8221; css=&#8221;.vc_custom_1609759060060{padding-top: 105px !important;padding-bottom: 40px !important;background-color: #cecece !important;}&#8221;][vc_column width=&#8221;1\/2&#8243; offset=&#8221;vc_col-lg-offset-3 vc_col-lg-6 vc_col-md-offset-1 vc_col-md-10 vc_col-sm-offset-1&#8243; css=&#8221;.vc_custom_1477305636787{padding-right: 3% !important;padding-left: 3% !important;}&#8221;]<div class=\"eltd-section-title-outer-holder\" style=\"text-align: center\">\n\n    \t<div class=\"eltd-section-title-title-holder\">\n\t\t<h2 class=\"eltd-section-title\" style=\";;color: #ffffff;;;;;\">\n\t\t\tDiego Dalla Palma Professional\t\t<\/h2>\n\t<\/div>\n    \t<span class=\"eltd-title-separator eltd-enable-separator\"><\/span>\n             <div class=\"eltd-section-subtitle-holder\">\n            <h5 class=\"eltd-section-subtitle\" style=\";;color: #ffffff;;;;\" >\n            Alle verzorgingsproducten van Diego Dalla Palma Professional zijn verkrijgbaar in mijn schoonheidssalon.        <\/h5>\n        <\/div>\n    \n<\/div>[\/vc_column][\/vc_row][vc_row content_width=&#8221;grid&#8221; center_bck_image=&#8221;no&#8221; css=&#8221;.vc_custom_1608640861185{padding-top: 105px !important;padding-bottom: 60px !important;}&#8221;][vc_column width=&#8221;5\/6&#8243; offset=&#8221;vc_col-lg-offset-0 vc_col-lg-4 vc_col-md-offset-0 vc_col-md-4 vc_col-sm-offset-1&#8243;][vc_single_image image=&#8221;10646&#8243; img_size=&#8221;medium&#8221; alignment=&#8221;center&#8221;][vc_empty_space height=&#8221;60px&#8221;]<div class=\"eltd-section-title-outer-holder\" style=\"text-align: left\">\n\n    \t<div class=\"eltd-section-title-title-holder\">\n\t\t<h2 class=\"eltd-section-title\" style=\";font-size: 28px;;;line-height: 35px;text-transform: None;;\">\n\t\t\tMulti-Tasking Oil\t\t<\/h2>\n\t<\/div>\n    \t<span class=\"eltd-title-separator \"><\/span>\n             <div class=\"eltd-section-subtitle-holder\">\n            <h5 class=\"eltd-section-subtitle\" style=\"font-family: Raleway;font-size: 16px;;font-weight: 300;line-height: 25px;;letter-spacing: -0.5px\" >\n            De Multi Tasking Oil van Diego dalla Palma professional is rijk aan diverse natuurlijke oli\u00ebn. Deze worden gewonnen uit zoete amandel, jojoba, rozenbottel, maretak, Passiflora, a\u00e7ai, babassu, tiar\u00e8, hibiscus, ylang-ylang, plumeria alba, frangipani en zonnebloem. De combinatie van deze natuurlijke ingredi\u00ebnten zorgt voor een voedende, maar snel absorberend product. Na het aanbrengen laat de olie direct een gevoel van hydratatie en welzijn achter. De natuurlijke aard van het product maakt dat het te gebruiken is tijdens een zwangerschap en het geven van borstvoeding. De olie biedt bijvoorbeeld uitkomst bij littekens, striae en kloven. Daarnaast is het groene product ook geschikt voor kinderen.        <\/h5>\n        <\/div>\n    \n<\/div>[vc_empty_space height=&#8221;40px&#8221;][\/vc_column][vc_column width=&#8221;5\/6&#8243; offset=&#8221;vc_col-lg-offset-0 vc_col-lg-4 vc_col-md-offset-0 vc_col-md-4 vc_col-sm-offset-1&#8243;][vc_single_image image=&#8221;10653&#8243; img_size=&#8221;medium&#8221;][vc_empty_space height=&#8221;60px&#8221;]<div class=\"eltd-section-title-outer-holder\" style=\"text-align: left\">\n\n    \t<div class=\"eltd-section-title-title-holder\">\n\t\t<h2 class=\"eltd-section-title\" style=\";font-size: 28px;;;line-height: 35px;text-transform: None;;\">\n\t\t\tBody Bioenergie\t\t<\/h2>\n\t<\/div>\n    \t<span class=\"eltd-title-separator \"><\/span>\n             <div class=\"eltd-section-subtitle-holder\">\n            <h5 class=\"eltd-section-subtitle\" style=\"font-family: Raleway;font-size: 16px;;font-weight: 300;line-height: 25px;;letter-spacing: -0.5px\" >\n            Lichaam en geest samen tegen cellulite De lichaamsproducten van Diego dalla Palma professional verzachten, verstevigen en hydrateren de huid en gaan de onvolkomenheden in verband met cellulitis en plaatselijke verslapping van de huid tegen. Als alles in evenwicht is, is het de energie die zonder obstakels kan stromen! Ontdek BODY BIOENERGY, de nieuwe benadering om de gezondheid en schoonheid van het lichaam te verbeteren die gebaseerd is op de PsychoNeuroEndocrineImmunology (PNEI) of &#039;&#039;esthetische psychologie van het lichaam&#039;&#039;        <\/h5>\n        <\/div>\n    \n<\/div>[\/vc_column][vc_column width=&#8221;5\/6&#8243; offset=&#8221;vc_col-lg-offset-0 vc_col-lg-4 vc_col-md-offset-0 vc_col-md-4 vc_col-sm-offset-1&#8243;][vc_single_image image=&#8221;10644&#8243; img_size=&#8221;medium&#8221;][vc_empty_space height=&#8221;60px&#8221;]<div class=\"eltd-section-title-outer-holder\" style=\"text-align: left\">\n\n    \t<div class=\"eltd-section-title-title-holder\">\n\t\t<h2 class=\"eltd-section-title\" style=\";font-size: 28px;;;line-height: 35px;text-transform: None;;\">\n\t\t\tAloe Vera 96 Gel\t\t<\/h2>\n\t<\/div>\n    \t<span class=\"eltd-title-separator \"><\/span>\n             <div class=\"eltd-section-subtitle-holder\">\n            <h5 class=\"eltd-section-subtitle\" style=\"font-family: Raleway;font-size: 16px;;font-weight: 300;line-height: 25px;;letter-spacing: -0.5px\" >\n            Een gel met een hoge concentratie aan actieve stoffen. In slechts 30 dagen is je huid stralender, steviger, versterkt en is egaler.        <\/h5>\n        <\/div>\n    \n<\/div>[vc_empty_space height=&#8221;40px&#8221;][\/vc_column][\/vc_row][vc_row content_width=&#8221;grid&#8221; center_bck_image=&#8221;no&#8221; css=&#8221;.vc_custom_1609786178522{background-color: #e5e5e5 !important;}&#8221;][vc_column][vc_empty_space height=&#8221;40px&#8221;]<div class=\"eltd-accordion-holder clearfix eltd-accordion eltd-boxed light\">\n\t<h5 class=\"clearfix eltd-title-holder\">\n\t<span class=\"eltd-accordion-mark eltd-left-mark\">\n\t\t<span class=\"eltd-accordion-mark-icon\">\n\t\t\t<span class=\"icon_plus\"><\/span>\n\t\t\t<span class=\"icon_minus-06\"><\/span>\n\t\t<\/span>\n\t<\/span>\n\t<span class=\"eltd-tab-title\">\n\t\t<span class=\"eltd-tab-title-inner\">\n\t\t\tBestellen van verzorgingsproducten of make-up producten\t\t<\/span>\n\t<\/span>\n<\/h5>\n<div class=\"eltd-accordion-content\" >\n\t<div class=\"eltd-accordion-content-inner\">\n\t\t[vc_column_text]Link producten bestellen: <a href=\"https:\/\/diegodallapalmapro.nl\">https;\/\/diegodallapalmapro.nl\/.<\/a><\/p>\n<p><strong>LET OP:<\/strong> Vraag eerst je persoonlijke code aan via 06-26423219 of het contactformulier.[\/vc_column_text]\t<\/div>\n<\/div><\/div>[vc_empty_space height=&#8221;40px&#8221;][\/vc_column][\/vc_row][vc_row center_bck_image=&#8221;no&#8221;][vc_column][vc_empty_space height=&#8221;20px&#8221;]<div class=\"eltd-section-title-outer-holder\" style=\"text-align: center\">\n\n    \t<div class=\"eltd-section-title-title-holder\">\n\t\t<h2 class=\"eltd-section-title\" style=\";;;;;;;\">\n\t\t\tContact\t\t<\/h2>\n\t<\/div>\n    \t<span class=\"eltd-title-separator eltd-disable-separator\"><\/span>\n             <div class=\"eltd-section-subtitle-holder\">\n            <h5 class=\"eltd-section-subtitle\" style=\";;;;;;\" >\n            Voor een persoonlijk productadvies of het maken van een afspraak kunt u altijd contact opnemen.        <\/h5>\n        <\/div>\n    \n<\/div>[vc_empty_space height=&#8221;20px&#8221;][\/vc_column][\/vc_row][vc_row content_width=&#8221;grid&#8221; center_bck_image=&#8221;no&#8221; css=&#8221;.vc_custom_1608641860934{padding-bottom: 70px !important;}&#8221;][vc_column offset=&#8221;vc_col-lg-4 vc_col-md-12&#8243;]\n<div class=\"wpcf7 no-js\" id=\"wpcf7-f8089-o1\" lang=\"en-US\" dir=\"ltr\" data-wpcf7-id=\"8089\">\n<div class=\"screen-reader-response\"><p role=\"status\" aria-live=\"polite\" aria-atomic=\"true\"><\/p> <ul><\/ul><\/div>\n<form action=\"\/index.php\/wp-json\/wp\/v2\/pages\/8402#wpcf7-f8089-o1\" method=\"post\" class=\"wpcf7-form init cf7_custom_style_2\" aria-label=\"Contact form\" novalidate=\"novalidate\" data-status=\"init\">\n<fieldset class=\"hidden-fields-container\"><input type=\"hidden\" name=\"_wpcf7\" value=\"8089\" \/><input type=\"hidden\" name=\"_wpcf7_version\" value=\"6.1.5\" \/><input type=\"hidden\" name=\"_wpcf7_locale\" value=\"en_US\" \/><input type=\"hidden\" name=\"_wpcf7_unit_tag\" value=\"wpcf7-f8089-o1\" \/><input type=\"hidden\" name=\"_wpcf7_container_post\" value=\"0\" \/><input type=\"hidden\" name=\"_wpcf7_posted_data_hash\" value=\"\" \/><input type=\"hidden\" name=\"_wpcf7_recaptcha_response\" value=\"\" \/>\n<\/fieldset>\n<div class='small-gap'>\n\t<p><span class=\"wpcf7-form-control-wrap\" data-name=\"your-name\"><input size=\"40\" maxlength=\"400\" class=\"wpcf7-form-control wpcf7-text wpcf7-validates-as-required\" aria-required=\"true\" aria-invalid=\"false\" placeholder=\"Naam*\" value=\"\" type=\"text\" name=\"your-name\" \/><\/span>\n\t<\/p>\n\t<p><span class=\"wpcf7-form-control-wrap\" data-name=\"telephone\"><input size=\"20\" maxlength=\"30\" class=\"wpcf7-form-control wpcf7-tel wpcf7-text wpcf7-validates-as-tel\" aria-invalid=\"false\" placeholder=\"Telefoonnummer\" value=\"\" type=\"tel\" name=\"telephone\" \/><\/span>\n\t<\/p>\n\t<p><span class=\"wpcf7-form-control-wrap\" data-name=\"email\"><input size=\"40\" maxlength=\"400\" class=\"wpcf7-form-control wpcf7-email wpcf7-validates-as-required wpcf7-text wpcf7-validates-as-email\" aria-required=\"true\" aria-invalid=\"false\" placeholder=\"E-Mail*\" value=\"\" type=\"email\" name=\"email\" \/><\/span>\n\t<\/p>\n\t<p><span class=\"wpcf7-form-control-wrap\" data-name=\"notes\"><textarea cols=\"40\" rows=\"5\" maxlength=\"2000\" class=\"wpcf7-form-control wpcf7-textarea\" aria-invalid=\"false\" placeholder=\"Gewenste behandeling &amp; datum\/tijd\" name=\"notes\"><\/textarea><\/span>\n\t<\/p>\n\t<p><input class=\"wpcf7-form-control wpcf7-submit has-spinner\" type=\"submit\" value=\"Verstuur\" \/>\n\t<\/p>\n<\/div><p style=\"display: none !important;\" class=\"akismet-fields-container\" data-prefix=\"_wpcf7_ak_\"><label>&#916;<textarea name=\"_wpcf7_ak_hp_textarea\" cols=\"45\" rows=\"8\" maxlength=\"100\"><\/textarea><\/label><input type=\"hidden\" id=\"ak_js_1\" name=\"_wpcf7_ak_js\" value=\"119\"\/><script>document.getElementById( \"ak_js_1\" ).setAttribute( \"value\", ( new Date() ).getTime() );<\/script><\/p><div class=\"wpcf7-response-output\" aria-hidden=\"true\"><\/div>\n<\/form>\n<\/div>\n[vc_empty_space height=&#8221;30px&#8221;][\/vc_column][vc_column offset=&#8221;vc_col-lg-8 vc_col-md-12&#8243;]<div class=\"eltd-image-gallery\">\n\t<div class=\"eltd-image-gallery-grid eltd-gallery-columns-2 \" >\n\t\t\t\t\t<div class=\"eltd-gallery-image\">\n\t\t\t\t\t\t\t\t<a href=\"http:\/\/www.evelienschoonheidssalon.nl\/wp-content\/uploads\/2021\/01\/contact.jpg\" data-rel=\"prettyPhoto[single_pretty_photo]\" title=\"contact\">\n\t\t\t\t\t\t\t\t\t\t\t\t\t\t\t\t<img loading=\"lazy\" decoding=\"async\" width=\"800\" height=\"972\" src=\"http:\/\/www.evelienschoonheidssalon.nl\/wp-content\/uploads\/2021\/01\/contact.jpg\" class=\"attachment-full size-full\" alt=\"\" srcset=\"http:\/\/www.evelienschoonheidssalon.nl\/wp-content\/uploads\/2021\/01\/contact.jpg 800w, http:\/\/www.evelienschoonheidssalon.nl\/wp-content\/uploads\/2021\/01\/contact-600x729.jpg 600w, http:\/\/www.evelienschoonheidssalon.nl\/wp-content\/uploads\/2021\/01\/contact-247x300.jpg 247w, http:\/\/www.evelienschoonheidssalon.nl\/wp-content\/uploads\/2021\/01\/contact-768x933.jpg 768w\" sizes=\"auto, (max-width: 800px) 100vw, 800px\" \/>\t\t\t\t\t\t\t\t\t\t\t\t\t\t<\/a>\n\t\t\t\t\t\t<\/div>\n\t\t\t\t\t<div class=\"eltd-gallery-image\">\n\t\t\t\t\t\t\t\t<a href=\"http:\/\/www.evelienschoonheidssalon.nl\/wp-content\/uploads\/2021\/01\/contactev.jpg\" data-rel=\"prettyPhoto[single_pretty_photo]\" title=\"contactev\">\n\t\t\t\t\t\t\t\t\t\t\t\t\t\t\t\t<img loading=\"lazy\" decoding=\"async\" width=\"800\" height=\"972\" src=\"http:\/\/www.evelienschoonheidssalon.nl\/wp-content\/uploads\/2021\/01\/contactev.jpg\" class=\"attachment-full size-full\" alt=\"\" srcset=\"http:\/\/www.evelienschoonheidssalon.nl\/wp-content\/uploads\/2021\/01\/contactev.jpg 800w, http:\/\/www.evelienschoonheidssalon.nl\/wp-content\/uploads\/2021\/01\/contactev-600x729.jpg 600w, http:\/\/www.evelienschoonheidssalon.nl\/wp-content\/uploads\/2021\/01\/contactev-247x300.jpg 247w, http:\/\/www.evelienschoonheidssalon.nl\/wp-content\/uploads\/2021\/01\/contactev-768x933.jpg 768w\" sizes=\"auto, (max-width: 800px) 100vw, 800px\" \/>\t\t\t\t\t\t\t\t\t\t\t\t\t\t<\/a>\n\t\t\t\t\t\t<\/div>\n\t\t\t<\/div>\n<\/div>[vc_empty_space height=&#8221;30px&#8221;][\/vc_column][\/vc_row]<\/p>\n","protected":false},"excerpt":{"rendered":"<p>[vc_row center_bck_image=&#8221;no&#8221;][vc_column][vc_empty_space][\/vc_column][\/vc_row][vc_row content_width=&#8221;grid&#8221; center_bck_image=&#8221;no&#8221; css=&#8221;.vc_custom_1609759060060{padding-top: 105px !important;padding-bottom: 40px !important;background-color: #cecece !important;}&#8221;][vc_column width=&#8221;1\/2&#8243; offset=&#8221;vc_col-lg-offset-3 vc_col-lg-6 vc_col-md-offset-1 vc_col-md-10 vc_col-sm-offset-1&#8243; css=&#8221;.vc_custom_1477305636787{padding-right: 3% !important;padding-left: 3% !important;}&#8221;][\/vc_column][\/vc_row][vc_row content_width=&#8221;grid&#8221; center_bck_image=&#8221;no&#8221; css=&#8221;.vc_custom_1608640861185{padding-top: 105px !important;padding-bottom: 60px !important;}&#8221;][vc_column width=&#8221;5\/6&#8243; offset=&#8221;vc_col-lg-offset-0 vc_col-lg-4 vc_col-md-offset-0 vc_col-md-4 vc_col-sm-offset-1&#8243;][vc_single_image image=&#8221;10646&#8243; img_size=&#8221;medium&#8221; alignment=&#8221;center&#8221;][vc_empty_space height=&#8221;60px&#8221;][vc_empty_space height=&#8221;40px&#8221;][\/vc_column][vc_column width=&#8221;5\/6&#8243; offset=&#8221;vc_col-lg-offset-0 vc_col-lg-4 vc_col-md-offset-0 vc_col-md-4&#8230;<\/p>\n","protected":false},"author":1,"featured_media":0,"parent":0,"menu_order":0,"comment_status":"closed","ping_status":"closed","template":"full-width.php","meta":{"footnotes":""},"class_list":["post-8402","page","type-page","status-publish","hentry"],"_links":{"self":[{"href":"http:\/\/www.evelienschoonheidssalon.nl\/index.php\/wp-json\/wp\/v2\/pages\/8402","targetHints":{"allow":["GET"]}}],"collection":[{"href":"http:\/\/www.evelienschoonheidssalon.nl\/index.php\/wp-json\/wp\/v2\/pages"}],"about":[{"href":"http:\/\/www.evelienschoonheidssalon.nl\/index.php\/wp-json\/wp\/v2\/types\/page"}],"author":[{"embeddable":true,"href":"http:\/\/www.evelienschoonheidssalon.nl\/index.php\/wp-json\/wp\/v2\/users\/1"}],"replies":[{"embeddable":true,"href":"http:\/\/www.evelienschoonheidssalon.nl\/index.php\/wp-json\/wp\/v2\/comments?post=8402"}],"version-history":[{"count":76,"href":"http:\/\/www.evelienschoonheidssalon.nl\/index.php\/wp-json\/wp\/v2\/pages\/8402\/revisions"}],"predecessor-version":[{"id":10752,"href":"http:\/\/www.evelienschoonheidssalon.nl\/index.php\/wp-json\/wp\/v2\/pages\/8402\/revisions\/10752"}],"wp:attachment":[{"href":"http:\/\/www.evelienschoonheidssalon.nl\/index.php\/wp-json\/wp\/v2\/media?parent=8402"}],"curies":[{"name":"wp","href":"https:\/\/api.w.org\/{rel}","templated":true}]}}